{"id":6,"date":"2017-08-11T17:11:33","date_gmt":"2017-08-11T17:11:33","guid":{"rendered":"https:\/\/portail15.fr\/albizia\/?page_id=6"},"modified":"2018-02-22T13:21:10","modified_gmt":"2018-02-22T13:21:10","slug":"la-chmabre-page","status":"publish","type":"page","link":"https:\/\/portail15.fr\/albizia\/la-chmabre-page\/","title":{"rendered":"La chambre"},"content":{"rendered":"<p>\u00c0 ce jour nous proposons une grande suite familiale (30 m carr\u00e9s) pouvant accueillir 4 personnes avec salle de bains ind\u00e9pendante. Vous b\u00e9n\u00e9ficiez de 4 couchages (un lit de 140 + un canap\u00e9 lit) munis de leurs draps et de leurs couettes, d&rsquo;un acc\u00e8s Wifi, d&rsquo;une TV avec un lecteur dvd, des jeux de soci\u00e9t\u00e9 et d&rsquo;une terrasse ext\u00e9rieure. Vos enfants pourront sauter sur le grand trampoline, pendant que vous vous d\u00e9tendrez dans le hamac \u00e0 l\u2019ombre des pins, sur les chaises longues ou fl\u00e2nant dans notre grand jardin, \u00e0 votre guise et \u00e0 votre rythme. Vous pouvez aussi partir \u00e0 pieds ou en v\u00e9lo de la maison et c\u00f4toyer la faune et flore locale.<\/p>\n<p><img loading=\"lazy\" decoding=\"async\" class=\"alignnone size-full wp-image-181\" src=\"https:\/\/portail15.fr\/albizia\/wp-content\/uploads\/2018\/02\/chambre-int\u00e9rieur-1.jpg\" alt=\"\" width=\"800\" height=\"534\" srcset=\"https:\/\/portail15.fr\/albizia\/wp-content\/uploads\/2018\/02\/chambre-int\u00e9rieur-1.jpg 800w, https:\/\/portail15.fr\/albizia\/wp-content\/uploads\/2018\/02\/chambre-int\u00e9rieur-1-300x200.jpg 300w, https:\/\/portail15.fr\/albizia\/wp-content\/uploads\/2018\/02\/chambre-int\u00e9rieur-1-768x513.jpg 768w\" sizes=\"auto, (max-width: 706px) 89vw, (max-width: 767px) 82vw, 740px\" \/><\/p>\n<p>\u2026et l\u2019aire naturelle de camping<\/p>\n<p>Au milieu de notre petit verger ou discr\u00e8tement en retrait nous offrons aussi la possibilit\u00e9 de planter 3 \u00e0 4 tentes. Si vous optez pour ce genre de nuit\u00e9e plus rustique et plus \u00e9conomique et que vous n\u2019avez pas de tente, faites-le nous savoir, nous en avons \u00e0 disposition en location.<\/p>\n<p><img loading=\"lazy\" decoding=\"async\" class=\"alignnone size-full wp-image-182\" src=\"https:\/\/portail15.fr\/albizia\/wp-content\/uploads\/2018\/02\/devant-chambre-1.jpg\" alt=\"\" width=\"800\" height=\"534\" srcset=\"https:\/\/portail15.fr\/albizia\/wp-content\/uploads\/2018\/02\/devant-chambre-1.jpg 800w, https:\/\/portail15.fr\/albizia\/wp-content\/uploads\/2018\/02\/devant-chambre-1-300x200.jpg 300w, https:\/\/portail15.fr\/albizia\/wp-content\/uploads\/2018\/02\/devant-chambre-1-768x513.jpg 768w\" sizes=\"auto, (max-width: 706px) 89vw, (max-width: 767px) 82vw, 740px\" \/><\/p>\n","protected":false},"excerpt":{"rendered":"<p>\u00c0 ce jour nous proposons une grande suite familiale (30 m carr\u00e9s) pouvant accueillir 4 personnes avec salle de bains ind\u00e9pendante. Vous b\u00e9n\u00e9ficiez de 4 couchages (un lit de 140 + un canap\u00e9 lit) munis de leurs draps et de leurs couettes, d&rsquo;un acc\u00e8s Wifi, d&rsquo;une TV avec un lecteur dvd, des jeux de soci\u00e9t\u00e9 &hellip; <\/p>\n<p class=\"link-more\"><a href=\"https:\/\/portail15.fr\/albizia\/la-chmabre-page\/\" class=\"more-link\">Continuer la lecture<span class=\"screen-reader-text\"> de &laquo;&nbsp;La chambre&nbsp;&raquo;<\/span><\/a><\/p>\n","protected":false},"author":1,"featured_media":169,"parent":0,"menu_order":0,"comment_status":"closed","ping_status":"closed","template":"","meta":{"footnotes":""},"class_list":["post-6","page","type-page","status-publish","has-post-thumbnail","hentry"],"_links":{"self":[{"href":"https:\/\/portail15.fr\/albizia\/wp-json\/wp\/v2\/pages\/6","targetHints":{"allow":["GET"]}}],"collection":[{"href":"https:\/\/portail15.fr\/albizia\/wp-json\/wp\/v2\/pages"}],"about":[{"href":"https:\/\/portail15.fr\/albizia\/wp-json\/wp\/v2\/types\/page"}],"author":[{"embeddable":true,"href":"https:\/\/portail15.fr\/albizia\/wp-json\/wp\/v2\/users\/1"}],"replies":[{"embeddable":true,"href":"https:\/\/portail15.fr\/albizia\/wp-json\/wp\/v2\/comments?post=6"}],"version-history":[{"count":8,"href":"https:\/\/portail15.fr\/albizia\/wp-json\/wp\/v2\/pages\/6\/revisions"}],"predecessor-version":[{"id":183,"href":"https:\/\/portail15.fr\/albizia\/wp-json\/wp\/v2\/pages\/6\/revisions\/183"}],"wp:featuredmedia":[{"embeddable":true,"href":"https:\/\/portail15.fr\/albizia\/wp-json\/wp\/v2\/media\/169"}],"wp:attachment":[{"href":"https:\/\/portail15.fr\/albizia\/wp-json\/wp\/v2\/media?parent=6"}],"curies":[{"name":"wp","href":"https:\/\/api.w.org\/{rel}","templated":true}]}}