{"id":13,"date":"2017-08-11T17:13:21","date_gmt":"2017-08-11T17:13:21","guid":{"rendered":"https:\/\/portail15.fr\/albizia\/?page_id=13"},"modified":"2018-02-22T13:00:00","modified_gmt":"2018-02-22T13:00:00","slug":"tarifs","status":"publish","type":"page","link":"https:\/\/portail15.fr\/albizia\/tarifs\/","title":{"rendered":"Les tarifs"},"content":{"rendered":"<ul>\n<li>Nuit\u00e9e chambre d\u2019h\u00f4te\u00a0:<\/li>\n<\/ul>\n<p>Pour 1 \u00e0 2 personnes\u00a0(petit-d\u00e9jeuner inclus)\u00a0: 50 euros, 35 euros \u00e0 partir de la 3<sup>e<\/sup> nuit<\/p>\n<p>Par personne suppl\u00e9mentaire (petit-d\u00e9jeuner inclus)\u00a0: 10 euros par nuit<\/p>\n<p>Gratuit pour les enfants de moins de 2 ans<\/p>\n<p>Nous acceptons les b\u00e9b\u00e9s et enfants en bas \u00e2ge, mais signalons que la chambre n&rsquo;est pas aux normes pour de tels voyageurs. Il revient donc aux parents de veiller \u00e0 leur s\u00e9curit\u00e9.<\/p>\n<p>Taxe de s\u00e9jour\u00a0: 0.20 cts (du 1<sup>er<\/sup> mai au 30 septembre)<\/p>\n<ul>\n<li>Nuit\u00e9e aire naturelle\u00a0:<\/li>\n<\/ul>\n<p>Tente 4 places\u00a0: 20 euros<\/p>\n<ul>\n<li>Table d\u2019h\u00f4te\u00a0: 12 euros par personne<\/li>\n<li>Panier repas \u00e0 emporter\u00a0: 8 euros par personne<\/li>\n<\/ul>\n<p>&nbsp;<\/p>\n","protected":false},"excerpt":{"rendered":"<p>Nuit\u00e9e chambre d\u2019h\u00f4te\u00a0: Pour 1 \u00e0 2 personnes\u00a0(petit-d\u00e9jeuner inclus)\u00a0: 50 euros, 35 euros \u00e0 partir de la 3e nuit Par personne suppl\u00e9mentaire (petit-d\u00e9jeuner inclus)\u00a0: 10 euros par nuit Gratuit pour les enfants de moins de 2 ans Nous acceptons les b\u00e9b\u00e9s et enfants en bas \u00e2ge, mais signalons que la chambre n&rsquo;est pas aux normes &hellip; <\/p>\n<p class=\"link-more\"><a href=\"https:\/\/portail15.fr\/albizia\/tarifs\/\" class=\"more-link\">Continuer la lecture<span class=\"screen-reader-text\"> de &laquo;&nbsp;Les tarifs&nbsp;&raquo;<\/span><\/a><\/p>\n","protected":false},"author":1,"featured_media":0,"parent":0,"menu_order":0,"comment_status":"closed","ping_status":"closed","template":"","meta":{"footnotes":""},"class_list":["post-13","page","type-page","status-publish","hentry"],"_links":{"self":[{"href":"https:\/\/portail15.fr\/albizia\/wp-json\/wp\/v2\/pages\/13","targetHints":{"allow":["GET"]}}],"collection":[{"href":"https:\/\/portail15.fr\/albizia\/wp-json\/wp\/v2\/pages"}],"about":[{"href":"https:\/\/portail15.fr\/albizia\/wp-json\/wp\/v2\/types\/page"}],"author":[{"embeddable":true,"href":"https:\/\/portail15.fr\/albizia\/wp-json\/wp\/v2\/users\/1"}],"replies":[{"embeddable":true,"href":"https:\/\/portail15.fr\/albizia\/wp-json\/wp\/v2\/comments?post=13"}],"version-history":[{"count":6,"href":"https:\/\/portail15.fr\/albizia\/wp-json\/wp\/v2\/pages\/13\/revisions"}],"predecessor-version":[{"id":172,"href":"https:\/\/portail15.fr\/albizia\/wp-json\/wp\/v2\/pages\/13\/revisions\/172"}],"wp:attachment":[{"href":"https:\/\/portail15.fr\/albizia\/wp-json\/wp\/v2\/media?parent=13"}],"curies":[{"name":"wp","href":"https:\/\/api.w.org\/{rel}","templated":true}]}}