{"id":11,"date":"2017-08-11T17:12:50","date_gmt":"2017-08-11T17:12:50","guid":{"rendered":"https:\/\/portail15.fr\/albizia\/?page_id=11"},"modified":"2018-02-22T13:02:44","modified_gmt":"2018-02-22T13:02:44","slug":"activites-page","status":"publish","type":"page","link":"https:\/\/portail15.fr\/albizia\/activites-page\/","title":{"rendered":"Les activit\u00e9s"},"content":{"rendered":"<p><strong>D\u00e9couverte des lieux et plaisir des yeux<\/strong><\/p>\n<p>La Cachoni\u00e8re est situ\u00e9e en plein c\u0153ur des Landes dans le pays Tarusate, \u00e0 quelques kilom\u00e8tres du Parc Naturel R\u00e9gional des Landes de Gascogne.<\/p>\n<ul>\n<li>Sentiers de randonn\u00e9es p\u00e9destre, VTT et \u00e9questre au d\u00e9part de la maison.<\/li>\n<li><a href=\"http:\/\/www.reserve-arjuzanx.fr\/\">R\u00e9serve naturelle d\u2019Arjuzanx<\/a> et de son lac\u00a0: Observation des grues cendr\u00e9es. Venez les observer et les photographier du mois d&rsquo;octobre au mois de f\u00e9vrier! Visites guid\u00e9es possibles avec un guide naturaliste de la r\u00e9serve.<\/li>\n<\/ul>\n<p><img loading=\"lazy\" decoding=\"async\" class=\"alignnone size-full wp-image-138\" src=\"https:\/\/portail15.fr\/albizia\/wp-content\/uploads\/2018\/02\/Grues-7.jpg\" alt=\"\" width=\"800\" height=\"269\" srcset=\"https:\/\/portail15.fr\/albizia\/wp-content\/uploads\/2018\/02\/Grues-7.jpg 800w, https:\/\/portail15.fr\/albizia\/wp-content\/uploads\/2018\/02\/Grues-7-300x101.jpg 300w, https:\/\/portail15.fr\/albizia\/wp-content\/uploads\/2018\/02\/Grues-7-768x258.jpg 768w\" sizes=\"auto, (max-width: 706px) 89vw, (max-width: 767px) 82vw, 740px\" \/><\/p>\n<p>Elles passent au-dessus de la maison et se posent dans les champs voisins.<\/p>\n<ul>\n<li>Baignade et activit\u00e9s nautiques au <a href=\"http:\/\/www.reserve-arjuzanx.fr\/\">Lac d\u2019Arjuzanx<\/a> (10 kms)<\/li>\n<li>C\u00f4te landaise et c\u00f4te basque avec leurs sports nautiques<\/li>\n<li>\u00c9comus\u00e9e de <a href=\"https:\/\/www.marqueze.fr\/\">Marqu\u00e8ze<\/a><\/li>\n<li><a href=\"http:\/\/www.thermes-prechacq.fr\/\">Cure thermale<\/a> \u00e0 Pr\u00e9chacq-les-Bains (35 minutes)<\/li>\n<li>Centre \u00e9questre <a href=\"https:\/\/ouspins.com\/\">Ous Pins<\/a> renomm\u00e9 pour ses comp\u00e9titions (20 minutes)<\/li>\n<li>Nombreuses balades \u00e0 partir de la maison , \u00e0 pieds, \u00e0 v\u00e9lo ou \u00e0 cheval.<\/li>\n<li>Visite de Dax (ville thermale) et de Mont de Marsan et leurs ar\u00e8nes (30 minutes)<\/li>\n<li>Biarritz, Bayonne, Saint-Jean-de-Luz, Espagne (entre 1h et 1h30)<\/li>\n<li>Visite de Bordeaux (1h15), de la Dune de Pyla (1h20), du bassin d\u2019Arcachon<\/li>\n<\/ul>\n<p><img loading=\"lazy\" decoding=\"async\" class=\"alignnone size-full wp-image-136\" src=\"https:\/\/portail15.fr\/albizia\/wp-content\/uploads\/2018\/02\/Grues-3.jpg\" alt=\"\" width=\"800\" height=\"493\" srcset=\"https:\/\/portail15.fr\/albizia\/wp-content\/uploads\/2018\/02\/Grues-3.jpg 800w, https:\/\/portail15.fr\/albizia\/wp-content\/uploads\/2018\/02\/Grues-3-300x185.jpg 300w, https:\/\/portail15.fr\/albizia\/wp-content\/uploads\/2018\/02\/Grues-3-768x473.jpg 768w\" sizes=\"auto, (max-width: 706px) 89vw, (max-width: 767px) 82vw, 740px\" \/><\/p>\n<p>Et bien d\u2019autres curiosit\u00e9s et sites \u00e0 proximit\u00e9 \u00e0 d\u00e9couvrir tout en vous ressour\u00e7ant le soir dans un lieu paisible! Id\u00e9al pour qui veut passer seul, en couple ou en famille des vacances loin du bruit et de la foule.<\/p>\n","protected":false},"excerpt":{"rendered":"<p>D\u00e9couverte des lieux et plaisir des yeux La Cachoni\u00e8re est situ\u00e9e en plein c\u0153ur des Landes dans le pays Tarusate, \u00e0 quelques kilom\u00e8tres du Parc Naturel R\u00e9gional des Landes de Gascogne. Sentiers de randonn\u00e9es p\u00e9destre, VTT et \u00e9questre au d\u00e9part de la maison. R\u00e9serve naturelle d\u2019Arjuzanx et de son lac\u00a0: Observation des grues cendr\u00e9es. Venez &hellip; <\/p>\n<p class=\"link-more\"><a href=\"https:\/\/portail15.fr\/albizia\/activites-page\/\" class=\"more-link\">Continuer la lecture<span class=\"screen-reader-text\"> de &laquo;&nbsp;Les activit\u00e9s&nbsp;&raquo;<\/span><\/a><\/p>\n","protected":false},"author":1,"featured_media":173,"parent":0,"menu_order":0,"comment_status":"closed","ping_status":"closed","template":"","meta":{"footnotes":""},"class_list":["post-11","page","type-page","status-publish","has-post-thumbnail","hentry"],"_links":{"self":[{"href":"https:\/\/portail15.fr\/albizia\/wp-json\/wp\/v2\/pages\/11","targetHints":{"allow":["GET"]}}],"collection":[{"href":"https:\/\/portail15.fr\/albizia\/wp-json\/wp\/v2\/pages"}],"about":[{"href":"https:\/\/portail15.fr\/albizia\/wp-json\/wp\/v2\/types\/page"}],"author":[{"embeddable":true,"href":"https:\/\/portail15.fr\/albizia\/wp-json\/wp\/v2\/users\/1"}],"replies":[{"embeddable":true,"href":"https:\/\/portail15.fr\/albizia\/wp-json\/wp\/v2\/comments?post=11"}],"version-history":[{"count":9,"href":"https:\/\/portail15.fr\/albizia\/wp-json\/wp\/v2\/pages\/11\/revisions"}],"predecessor-version":[{"id":167,"href":"https:\/\/portail15.fr\/albizia\/wp-json\/wp\/v2\/pages\/11\/revisions\/167"}],"wp:featuredmedia":[{"embeddable":true,"href":"https:\/\/portail15.fr\/albizia\/wp-json\/wp\/v2\/media\/173"}],"wp:attachment":[{"href":"https:\/\/portail15.fr\/albizia\/wp-json\/wp\/v2\/media?parent=11"}],"curies":[{"name":"wp","href":"https:\/\/api.w.org\/{rel}","templated":true}]}}